{"id":32,"date":"2016-10-11T21:11:54","date_gmt":"2016-10-11T21:11:54","guid":{"rendered":"http:\/\/laensenada.net\/?page_id=32"},"modified":"2020-06-24T01:54:55","modified_gmt":"2020-06-24T01:54:55","slug":"nuestro-hotel","status":"publish","type":"page","link":"https:\/\/laensenada.net\/en\/nuestro-hotel\/","title":{"rendered":"Our Hotel"},"content":{"rendered":"<img loading=\"lazy\" decoding=\"async\" class=\"alignnone size-full wp-image-51\" src=\"http:\/\/laensenada.net\/wp-content\/uploads\/2016\/10\/Hotel.png\" alt=\"hotel\" width=\"1481\" height=\"296\" srcset=\"https:\/\/laensenada.net\/wp-content\/uploads\/2016\/10\/Hotel.png 1481w, https:\/\/laensenada.net\/wp-content\/uploads\/2016\/10\/Hotel-300x60.png 300w, https:\/\/laensenada.net\/wp-content\/uploads\/2016\/10\/Hotel-768x153.png 768w, https:\/\/laensenada.net\/wp-content\/uploads\/2016\/10\/Hotel-1024x205.png 1024w, https:\/\/laensenada.net\/wp-content\/uploads\/2016\/10\/Hotel-250x50.png 250w, https:\/\/laensenada.net\/wp-content\/uploads\/2016\/10\/Hotel-150x30.png 150w\" sizes=\"auto, (max-width: 1481px) 100vw, 1481px\" \/>\r\n\r\n<img loading=\"lazy\" decoding=\"async\" class=\" wp-image-254 alignnone\" src=\"http:\/\/laensenada.net\/wp-content\/uploads\/2017\/02\/DJI_0098-2.png\" alt=\"\" width=\"285\" height=\"160\" srcset=\"https:\/\/laensenada.net\/wp-content\/uploads\/2017\/02\/DJI_0098-2.png 450w, https:\/\/laensenada.net\/wp-content\/uploads\/2017\/02\/DJI_0098-2-300x169.png 300w, https:\/\/laensenada.net\/wp-content\/uploads\/2017\/02\/DJI_0098-2-250x141.png 250w, https:\/\/laensenada.net\/wp-content\/uploads\/2017\/02\/DJI_0098-2-150x84.png 150w\" sizes=\"auto, (max-width: 285px) 100vw, 285px\" \/> <img loading=\"lazy\" decoding=\"async\" class=\" wp-image-253 alignnone\" src=\"http:\/\/laensenada.net\/wp-content\/uploads\/2017\/02\/DJI_0095-2.png\" alt=\"\" width=\"284\" height=\"160\" srcset=\"https:\/\/laensenada.net\/wp-content\/uploads\/2017\/02\/DJI_0095-2.png 450w, https:\/\/laensenada.net\/wp-content\/uploads\/2017\/02\/DJI_0095-2-300x169.png 300w, https:\/\/laensenada.net\/wp-content\/uploads\/2017\/02\/DJI_0095-2-250x141.png 250w, https:\/\/laensenada.net\/wp-content\/uploads\/2017\/02\/DJI_0095-2-150x84.png 150w\" sizes=\"auto, (max-width: 284px) 100vw, 284px\" \/> <img loading=\"lazy\" decoding=\"async\" class=\" wp-image-252 alignnone\" src=\"http:\/\/laensenada.net\/wp-content\/uploads\/2017\/02\/DJI_0093-2.png\" alt=\"\" width=\"285\" height=\"160\" srcset=\"https:\/\/laensenada.net\/wp-content\/uploads\/2017\/02\/DJI_0093-2.png 450w, https:\/\/laensenada.net\/wp-content\/uploads\/2017\/02\/DJI_0093-2-300x169.png 300w, https:\/\/laensenada.net\/wp-content\/uploads\/2017\/02\/DJI_0093-2-250x141.png 250w, https:\/\/laensenada.net\/wp-content\/uploads\/2017\/02\/DJI_0093-2-150x84.png 150w\" sizes=\"auto, (max-width: 285px) 100vw, 285px\" \/> <img loading=\"lazy\" decoding=\"async\" class=\" wp-image-251 alignnone\" src=\"http:\/\/laensenada.net\/wp-content\/uploads\/2017\/02\/DJI_0086-2.png\" alt=\"\" width=\"424\" height=\"238\" srcset=\"https:\/\/laensenada.net\/wp-content\/uploads\/2017\/02\/DJI_0086-2.png 450w, https:\/\/laensenada.net\/wp-content\/uploads\/2017\/02\/DJI_0086-2-300x169.png 300w, https:\/\/laensenada.net\/wp-content\/uploads\/2017\/02\/DJI_0086-2-250x141.png 250w, https:\/\/laensenada.net\/wp-content\/uploads\/2017\/02\/DJI_0086-2-150x84.png 150w\" sizes=\"auto, (max-width: 424px) 100vw, 424px\" \/> <img loading=\"lazy\" decoding=\"async\" class=\"wp-image-250 alignnone\" src=\"http:\/\/laensenada.net\/wp-content\/uploads\/2017\/02\/DJI_0152-2.png\" alt=\"\" width=\"424\" height=\"238\" srcset=\"https:\/\/laensenada.net\/wp-content\/uploads\/2017\/02\/DJI_0152-2.png 450w, https:\/\/laensenada.net\/wp-content\/uploads\/2017\/02\/DJI_0152-2-300x169.png 300w, https:\/\/laensenada.net\/wp-content\/uploads\/2017\/02\/DJI_0152-2-250x141.png 250w, https:\/\/laensenada.net\/wp-content\/uploads\/2017\/02\/DJI_0152-2-150x84.png 150w\" sizes=\"auto, (max-width: 424px) 100vw, 424px\" \/>\r\n\r\n&nbsp;\r\n\r\nEl Santuario La Ensenada, (1000 acres), esta situado en la Costa del Pac\u00edfico, en la provincia de Puntarenas, en el Golfo de Nicoya, a solo 2 horas de San Jos\u00e9, y 1:25 horas de Liberia.\r\n\r\nEs un lugar ideal para pasear a caballo; para los naturalistas, observadores de p\u00e1jaros y para todos los amantes de la naturaleza en general. Las actividades m\u00e1s importantes de esta hacienda son la ganader\u00eda y la producci\u00f3n de sal y frutas. Es un lugar paradisiaco donde usted podr\u00e1 encontrar el balance perfecto entre descanso y aventura.\r\n\r\nTenemos alojamiento en un confortable bungalow de frente al Golfo de Nicoya, con dos camas, ba\u00f1o, y una espaciosa terraza en donde usted podr\u00e1 disfrutar un relajante atardecer en una hamaca.\r\n\r\n\u00bfQu\u00e9 hace que su estad\u00eda en La Ensenada sea \u00fanica e inolvidable?\r\n\r\nPor que es manejado por la familia, nuestros hu\u00e9spedes tienen la oportunidad de participar en las actividades diarias de la hacienda.\r\n\r\nUsted ser\u00e1 parte de la t\u00edpica vida de campo de Costa Rica y podr\u00e1 disfrutar de nuestro excelente men\u00fa Italo Costarricense.\r\n<h4>POLITICAS DEL HOTEL<\/h4>\r\n<blockquote>Ni\u00f1os de 0 \u2013 4 a\u00f1os: No pagan\r\nNi\u00f1os de 5 \u2013 9 a\u00f1os: Pagan el 50%\r\nNi\u00f1os de 10 en adelante: Pagan como adulto<\/blockquote>\r\n<h5>2. No Aceptamos Tarjetas de cr\u00e9dito, s\u00f3lo efectivo \u00f3 cheques de viajero.<\/h5>\r\n<h5>3. Todo menor de 18 a\u00f1os debe portar el documento que certifique que viaja con sus padres, familiares \u00f3 persona autorizada.<\/h5>\r\n<h5>4. En Costa Rica tener sexo con ni\u00f1os menores de 18 a\u00f1os se considera como un crimen serio, y es penado por la Ley, por lo tanto prohibimos y denunciamos la explotaci\u00f3n sexual comercial de los ni\u00f1os, ni\u00f1as y adolecentes.<\/h5>\r\n<h5>5. Nos reservamos el derecho de admisi\u00f3n.<\/h5>","protected":false},"excerpt":{"rendered":"<p>&nbsp; El Santuario La Ensenada, (1000 acres), esta situado en la Costa del Pac\u00edfico, en la provincia de Puntarenas, en el Golfo de Nicoya, a solo 2 horas de San Jos\u00e9, y 1:25 horas de Liberia. Es un lugar ideal para pasear a caballo; para los naturalistas, observadores de p\u00e1jaros\u2026<\/p>\n<p> <a class=\"continue-reading-link\" href=\"https:\/\/laensenada.net\/en\/nuestro-hotel\/\"><span>Continue reading<\/span><i class=\"crycon-right-dir\"><\/i><\/a> <\/p>\n","protected":false},"author":1,"featured_media":35,"parent":0,"menu_order":0,"comment_status":"closed","ping_status":"closed","template":"","meta":{"om_disable_all_campaigns":false,"_monsterinsights_skip_tracking":false,"_monsterinsights_sitenote_active":false,"_monsterinsights_sitenote_note":"","_monsterinsights_sitenote_category":0,"footnotes":""},"class_list":["post-32","page","type-page","status-publish","has-post-thumbnail","hentry"],"aioseo_notices":[],"_links":{"self":[{"href":"https:\/\/laensenada.net\/en\/wp-json\/wp\/v2\/pages\/32","targetHints":{"allow":["GET"]}}],"collection":[{"href":"https:\/\/laensenada.net\/en\/wp-json\/wp\/v2\/pages"}],"about":[{"href":"https:\/\/laensenada.net\/en\/wp-json\/wp\/v2\/types\/page"}],"author":[{"embeddable":true,"href":"https:\/\/laensenada.net\/en\/wp-json\/wp\/v2\/users\/1"}],"replies":[{"embeddable":true,"href":"https:\/\/laensenada.net\/en\/wp-json\/wp\/v2\/comments?post=32"}],"version-history":[{"count":33,"href":"https:\/\/laensenada.net\/en\/wp-json\/wp\/v2\/pages\/32\/revisions"}],"predecessor-version":[{"id":331,"href":"https:\/\/laensenada.net\/en\/wp-json\/wp\/v2\/pages\/32\/revisions\/331"}],"wp:featuredmedia":[{"embeddable":true,"href":"https:\/\/laensenada.net\/en\/wp-json\/wp\/v2\/media\/35"}],"wp:attachment":[{"href":"https:\/\/laensenada.net\/en\/wp-json\/wp\/v2\/media?parent=32"}],"curies":[{"name":"wp","href":"https:\/\/api.w.org\/{rel}","templated":true}]}}